{"id":59,"date":"2017-03-13T09:58:13","date_gmt":"2017-03-13T07:58:13","guid":{"rendered":"https:\/\/spartabilk.wordpress.com\/trainingszeitenneues-element\/"},"modified":"2026-01-05T14:57:06","modified_gmt":"2026-01-05T13:57:06","slug":"trainingszeitenneues-element","status":"publish","type":"page","link":"https:\/\/sparta-bilk-tischtennis.de\/?page_id=59","title":{"rendered":"Trainingszeiten"},"content":{"rendered":"\n<p>Wer Interesse an einem Probetraining bei uns hat, kann sich gern im Vorfeld bei uns melden. Wir geben dann das Interesse an die Teams und Spieler vor Ort weiter.<\/p>\n\n\n\n<p>Zu erreichen sind wir \u00fcber den Men\u00fcpunkt <a href=\"https:\/\/sparta-bilk-tischtennis.de\/?page_id=410\">Kontakt<\/a>.<\/p>\n\n\n\n<h2 class=\"wp-block-heading\">Trainingszeiten<\/h2>\n\n\n\n<p>Montag, 18:30-22:00 Uhr: Konkordiastra\u00dfe 90 &#8211; Training f\u00fcr aktive Spieler<br>Mittwoch, 18:30 \u2013 22:00 Uhr: Kirchfeldstra\u00dfe 74-80 &#8211; Training f\u00fcr aktive Spieler<br>Mittwoch, 18:00 \u2013 21:00 Uhr: Konkordiastra\u00dfe 90 &#8211; Freizeitsportler<br>Freitag, 18:30-22:00 Uhr: Konkordiastra\u00dfe 90 &#8211; Training f\u00fcr aktive Spieler<\/p>\n\n\n\n<p><\/p>\n\n\n\n<h2 class=\"wp-block-heading\">Hallen<\/h2>\n\n\n\n<h3 class=\"wp-block-heading\"><strong>Sporthalle Konkordiastra\u00dfe 90<\/strong><\/h3>\n\n\n\n<figure class=\"wp-block-image\"><img decoding=\"async\" src=\"http:\/\/file1.npage.de\/011109\/55\/bilder\/2012-05-04_17.53.40.jpg\" alt=\"\"\/><\/figure>\n\n\n\n<p>Dreimal in der Woche findet Training in der Sporthalle des Leo-Statz Berufskollegs, Eingang Konkordiastra\u00dfe 90, 40219 D\u00fcsseldorf statt.<\/p>\n\n\n\n<p>Die Halle ist ge\u00f6ffnet f\u00fcr Jeden, egal ob Mann oder Frau, ob Kind oder Rentner.<\/p>\n\n\n\n<p><strong>Mittwochs k\u00f6nnen hier Spielerinnen und Spieler am Training teilnehmen, die freizeitm\u00e4\u00dfig Tischtennis spielen m\u00f6chten. Das Training ist insbesondere f\u00fcr Seniorinnen und Senioren geeignet.<\/strong><\/p>\n\n\n\n<p>Wir verf\u00fcgen \u00fcber 5 Tische in einer der sch\u00f6nsten Hallen D\u00fcsseldorfs.<\/p>\n\n\n\n<figure class=\"wp-block-image\"><img decoding=\"async\" src=\"http:\/\/file1.npage.de\/011109\/55\/bilder\/2012-05-04_17.52.29.jpg\" alt=\"\"\/><\/figure>\n\n\n\n<p><strong>Wichtige Information f\u00fcr unsere G\u00e4ste:<\/strong><\/p>\n\n\n\n<p>Parken ist auf dem Schulhof&nbsp;<strong>nicht <\/strong>erlaubt! Da das Parken in (Unter-) Bilk ein \u00e4u\u00dferst schwieriges Unterfangen ist, empfehlen wir die Anreise mit dem Fahrrad oder mit dem \u00d6PNV. Wer keine andere Gelegenheit hat, als mit dem Auto anzureisen, sollte etwas Zeit f\u00fcr die Parkplatzsuche einplanen.<\/p>\n\n\n\n<hr class=\"wp-block-separator has-css-opacity\"\/>\n\n\n\n<hr class=\"wp-block-separator has-css-opacity\"\/>\n\n\n\n<h3 class=\"wp-block-heading\"><strong>Sporthalle Kirchfeldstra\u00dfe<\/strong><\/h3>\n\n\n\n<p>Unsere gr\u00f6\u00dfte Halle befindet sich zwischen Friedrichstadt und Bilk auf der Kirchfeldstra\u00dfe 74-80, 40215 D\u00fcsseldorf. Dort verf\u00fcgen wir \u00fcber 6 Tische.<\/p>\n\n\n\n<figure class=\"wp-block-image\"><img decoding=\"async\" src=\"http:\/\/file1.npage.de\/011109\/55\/bilder\/img-20140503-wa0000.jpg\" alt=\"\"\/><\/figure>\n\n\n\n<p><strong>Wichtige Information f\u00fcr unsere G\u00e4ste:<\/strong><\/p>\n\n\n\n<p>Parken ist auf dem Schulhof&nbsp;<strong>nicht <\/strong>erlaubt! Da das Parken in (Unter-) Bilk ein \u00e4u\u00dferst schwieriges Unterfangen ist, empfehlen wir die Anreise mit dem Fahrrad oder mit dem \u00d6PNV. Wer keine andere Gelegenheit hat, als mit dem Auto anzureisen, sollte etwas Zeit f\u00fcr die Parkplatzsuche einplanen.<\/p>\n","protected":false},"excerpt":{"rendered":"<p>Wer Interesse an einem Probetraining bei uns hat, kann sich gern im Vorfeld bei uns melden. Wir geben dann das Interesse an die Teams und Spieler vor Ort weiter. Zu erreichen sind wir \u00fcber den Men\u00fcpunkt Kontakt. Trainingszeiten Montag, 18:30-22:00 Uhr: Konkordiastra\u00dfe 90 &#8211; Training f\u00fcr aktive SpielerMittwoch, 18:30 \u2013 22:00 Uhr: Kirchfeldstra\u00dfe 74-80 &#8211; &hellip; <a href=\"https:\/\/sparta-bilk-tischtennis.de\/?page_id=59\" class=\"more-link\"><span class=\"screen-reader-text\">\u201eTrainingszeiten\u201c<\/span> weiterlesen<\/a><\/p>\n","protected":false},"author":3,"featured_media":0,"parent":0,"menu_order":0,"comment_status":"closed","ping_status":"closed","template":"","meta":{"footnotes":""},"class_list":["post-59","page","type-page","status-publish","hentry"],"_links":{"self":[{"href":"https:\/\/sparta-bilk-tischtennis.de\/index.php?rest_route=\/wp\/v2\/pages\/59","targetHints":{"allow":["GET"]}}],"collection":[{"href":"https:\/\/sparta-bilk-tischtennis.de\/index.php?rest_route=\/wp\/v2\/pages"}],"about":[{"href":"https:\/\/sparta-bilk-tischtennis.de\/index.php?rest_route=\/wp\/v2\/types\/page"}],"author":[{"embeddable":true,"href":"https:\/\/sparta-bilk-tischtennis.de\/index.php?rest_route=\/wp\/v2\/users\/3"}],"replies":[{"embeddable":true,"href":"https:\/\/sparta-bilk-tischtennis.de\/index.php?rest_route=%2Fwp%2Fv2%2Fcomments&post=59"}],"version-history":[{"count":10,"href":"https:\/\/sparta-bilk-tischtennis.de\/index.php?rest_route=\/wp\/v2\/pages\/59\/revisions"}],"predecessor-version":[{"id":499,"href":"https:\/\/sparta-bilk-tischtennis.de\/index.php?rest_route=\/wp\/v2\/pages\/59\/revisions\/499"}],"wp:attachment":[{"href":"https:\/\/sparta-bilk-tischtennis.de\/index.php?rest_route=%2Fwp%2Fv2%2Fmedia&parent=59"}],"curies":[{"name":"wp","href":"https:\/\/api.w.org\/{rel}","templated":true}]}}